{"id":17108,"date":"2026-01-10T17:15:40","date_gmt":"2026-01-10T16:15:40","guid":{"rendered":"https:\/\/wearpl.com\/sklep\/zamosc-art-womens-t-shirt\/"},"modified":"2026-01-10T17:15:40","modified_gmt":"2026-01-10T16:15:40","slug":"zamosc-art-womens-t-shirt","status":"publish","type":"product","link":"https:\/\/wearpl.com\/en\/sklep\/zamosc-art-womens-t-shirt\/","title":{"rendered":"Zamo\u015b\u0107 ART &#8211; Women&#8217;s T-shirt"},"content":{"rendered":"<p>Roll up to Zamo\u015b\u0107 with this awesome graphic that even Jan Zamoyski would be proud of! Feel the power of old tenement houses and local masterpieces, wear it with pride like a true warlord! <\/p>\n","protected":false},"excerpt":{"rendered":"<p>Roll up to Zamo\u015b\u0107 with this awesome graphic that even Jan Zamoyski would be proud of! Feel the power of old tenement houses and local masterpieces, wear it with pride like a true warlord! <\/p>\n","protected":false},"featured_media":24226,"comment_status":"open","ping_status":"closed","template":"","meta":{"_acf_changed":false},"product_brand":[],"product_cat":[303],"product_tag":[342],"class_list":{"0":"post-17108","1":"product","2":"type-product","3":"status-publish","4":"has-post-thumbnail","6":"product_cat-koszulka-damska","7":"product_tag-zamosc-art","9":"first","10":"instock","11":"taxable","12":"shipping-taxable","13":"purchasable","14":"product-type-variable","15":"has-default-attributes"},"acf":[],"_links":{"self":[{"href":"https:\/\/wearpl.com\/en\/wp-json\/wp\/v2\/product\/17108","targetHints":{"allow":["GET"]}}],"collection":[{"href":"https:\/\/wearpl.com\/en\/wp-json\/wp\/v2\/product"}],"about":[{"href":"https:\/\/wearpl.com\/en\/wp-json\/wp\/v2\/types\/product"}],"replies":[{"embeddable":true,"href":"https:\/\/wearpl.com\/en\/wp-json\/wp\/v2\/comments?post=17108"}],"wp:featuredmedia":[{"embeddable":true,"href":"https:\/\/wearpl.com\/en\/wp-json\/wp\/v2\/media\/24226"}],"wp:attachment":[{"href":"https:\/\/wearpl.com\/en\/wp-json\/wp\/v2\/media?parent=17108"}],"wp:term":[{"taxonomy":"product_brand","embeddable":true,"href":"https:\/\/wearpl.com\/en\/wp-json\/wp\/v2\/product_brand?post=17108"},{"taxonomy":"product_cat","embeddable":true,"href":"https:\/\/wearpl.com\/en\/wp-json\/wp\/v2\/product_cat?post=17108"},{"taxonomy":"product_tag","embeddable":true,"href":"https:\/\/wearpl.com\/en\/wp-json\/wp\/v2\/product_tag?post=17108"}],"curies":[{"name":"wp","href":"https:\/\/api.w.org\/{rel}","templated":true}]}}