{"id":24390,"date":"2025-12-17T13:09:33","date_gmt":"2025-12-17T12:09:33","guid":{"rendered":"https:\/\/wearpl.com\/sklep\/koscierzyna-the-city-of-railways-womens-t-shirt\/"},"modified":"2025-12-17T13:09:33","modified_gmt":"2025-12-17T12:09:33","slug":"koscierzyna-the-city-of-railways-womens-t-shirt","status":"publish","type":"product","link":"https:\/\/wearpl.com\/en\/sklep\/koscierzyna-the-city-of-railways-womens-t-shirt\/","title":{"rendered":"Ko\u015bcierzyna \u2013 the city of railways \u2013 Women&#8217;s T-shirt"},"content":{"rendered":"<p>Coolly retro, with a touch of local patriotism, our &#8220;Ko\u015bcierzyna \u2013 city of railways&#8221; is a graphic one-way ticket to style. Add a photo of your favourite city destination and wear it with pride, regardless of the season or where you are in the world! <\/p>\n","protected":false},"excerpt":{"rendered":"<p>Odjazdowo retro, z nut\u0105 lokalnego patriotyzmu, nasza &#8220;Ko\u015bcierzyna &#8211; miasto kolei&#8221; to graficzny bilet w jedn\u0105 stron\u0119 na peron stylu. Za\u0142\u00f3\u017c zdj\u0119cie swojej ulubionej miejskiej destynacji i no\u015b je z dum\u0105, niezale\u017cnie od pory roku czy miejsca na ziemi! <\/p>\n","protected":false},"featured_media":23866,"comment_status":"open","ping_status":"closed","template":"","meta":{"_acf_changed":false},"product_brand":[],"product_cat":[303],"product_tag":[351],"class_list":{"0":"post-24390","1":"product","2":"type-product","3":"status-publish","4":"has-post-thumbnail","6":"product_cat-koszulka-damska","7":"product_tag-koscierzyna-a-railway-town","9":"first","10":"instock","11":"taxable","12":"shipping-taxable","13":"purchasable","14":"product-type-variable","15":"has-default-attributes"},"acf":[],"_links":{"self":[{"href":"https:\/\/wearpl.com\/en\/wp-json\/wp\/v2\/product\/24390","targetHints":{"allow":["GET"]}}],"collection":[{"href":"https:\/\/wearpl.com\/en\/wp-json\/wp\/v2\/product"}],"about":[{"href":"https:\/\/wearpl.com\/en\/wp-json\/wp\/v2\/types\/product"}],"replies":[{"embeddable":true,"href":"https:\/\/wearpl.com\/en\/wp-json\/wp\/v2\/comments?post=24390"}],"wp:featuredmedia":[{"embeddable":true,"href":"https:\/\/wearpl.com\/en\/wp-json\/wp\/v2\/media\/23866"}],"wp:attachment":[{"href":"https:\/\/wearpl.com\/en\/wp-json\/wp\/v2\/media?parent=24390"}],"wp:term":[{"taxonomy":"product_brand","embeddable":true,"href":"https:\/\/wearpl.com\/en\/wp-json\/wp\/v2\/product_brand?post=24390"},{"taxonomy":"product_cat","embeddable":true,"href":"https:\/\/wearpl.com\/en\/wp-json\/wp\/v2\/product_cat?post=24390"},{"taxonomy":"product_tag","embeddable":true,"href":"https:\/\/wearpl.com\/en\/wp-json\/wp\/v2\/product_tag?post=24390"}],"curies":[{"name":"wp","href":"https:\/\/api.w.org\/{rel}","templated":true}]}}