{"id":24398,"date":"2025-11-24T17:44:16","date_gmt":"2025-11-24T16:44:16","guid":{"rendered":"https:\/\/wearpl.com\/sklep\/the-best-pigs-only-in-bedzin-womens-t-shirt\/"},"modified":"2025-11-24T17:44:16","modified_gmt":"2025-11-24T16:44:16","slug":"the-best-pigs-only-in-bedzin-womens-t-shirt","status":"publish","type":"product","link":"https:\/\/wearpl.com\/en\/sklep\/the-best-pigs-only-in-bedzin-womens-t-shirt\/","title":{"rendered":"The best pigs only in B\u0119dzin &#8211; Women&#8217;s T-shirt"},"content":{"rendered":"<p>Show your love for B\u0119dzin by wearing this graphic that screams, &#8220;Our pigs are the best!&#8221; Enjoy pride and humour by wearing this crazy and cheeky declaration of love for your little homeland.<\/p>\n","protected":false},"excerpt":{"rendered":"<p>&#8220;Podkre\u015bl swoj\u0105 mi\u0142o\u015b\u0107 do B\u0119dzina, nosz\u0105c t\u0119 grafik\u0119, kt\u00f3ra krzyczy &#8211; &#8220;Nasze \u015bwinie s\u0105 top!&#8221;&#8221;. Enjoy pride and humour by wearing this crazy and cheeky declaration of love for your little homeland.<\/p>\n","protected":false},"featured_media":23691,"comment_status":"open","ping_status":"closed","template":"","meta":{"_acf_changed":false},"product_brand":[],"product_cat":[303],"product_tag":[353],"class_list":{"0":"post-24398","1":"product","2":"type-product","3":"status-publish","4":"has-post-thumbnail","6":"product_cat-koszulka-damska","7":"product_tag-the-best-pigs-only-in-bedzin","9":"first","10":"instock","11":"taxable","12":"shipping-taxable","13":"purchasable","14":"product-type-variable","15":"has-default-attributes"},"acf":[],"_links":{"self":[{"href":"https:\/\/wearpl.com\/en\/wp-json\/wp\/v2\/product\/24398","targetHints":{"allow":["GET"]}}],"collection":[{"href":"https:\/\/wearpl.com\/en\/wp-json\/wp\/v2\/product"}],"about":[{"href":"https:\/\/wearpl.com\/en\/wp-json\/wp\/v2\/types\/product"}],"replies":[{"embeddable":true,"href":"https:\/\/wearpl.com\/en\/wp-json\/wp\/v2\/comments?post=24398"}],"wp:featuredmedia":[{"embeddable":true,"href":"https:\/\/wearpl.com\/en\/wp-json\/wp\/v2\/media\/23691"}],"wp:attachment":[{"href":"https:\/\/wearpl.com\/en\/wp-json\/wp\/v2\/media?parent=24398"}],"wp:term":[{"taxonomy":"product_brand","embeddable":true,"href":"https:\/\/wearpl.com\/en\/wp-json\/wp\/v2\/product_brand?post=24398"},{"taxonomy":"product_cat","embeddable":true,"href":"https:\/\/wearpl.com\/en\/wp-json\/wp\/v2\/product_cat?post=24398"},{"taxonomy":"product_tag","embeddable":true,"href":"https:\/\/wearpl.com\/en\/wp-json\/wp\/v2\/product_tag?post=24398"}],"curies":[{"name":"wp","href":"https:\/\/api.w.org\/{rel}","templated":true}]}}