{"id":24529,"date":"2025-12-17T13:09:32","date_gmt":"2025-12-17T12:09:32","guid":{"rendered":"https:\/\/wearpl.com\/sklep\/koscierzyna-the-town-of-railways-bag\/"},"modified":"2025-12-17T13:09:32","modified_gmt":"2025-12-17T12:09:32","slug":"koscierzyna-the-town-of-railways-bag","status":"publish","type":"product","link":"https:\/\/wearpl.com\/en\/sklep\/koscierzyna-the-town-of-railways-bag\/","title":{"rendered":"Ko\u015bcierzyna \u2013 the town of railways \u2013 Bag"},"content":{"rendered":"<p>Odjazdowo retro, z nut\u0105 lokalnego patriotyzmu, nasza &#8220;Ko\u015bcierzyna &#8211; miasto kolei&#8221; to graficzny bilet w jedn\u0105 stron\u0119 na peron stylu. Za\u0142\u00f3\u017c zdj\u0119cie swojej ulubionej miejskiej destynacji i no\u015b je z dum\u0105, niezale\u017cnie od pory roku czy miejsca na ziemi! <\/p>\n","protected":false},"excerpt":{"rendered":"<p>Odjazdowo retro, z nut\u0105 lokalnego patriotyzmu, nasza &#8220;Ko\u015bcierzyna &#8211; miasto kolei&#8221; to graficzny bilet w jedn\u0105 stron\u0119 na peron stylu. Za\u0142\u00f3\u017c zdj\u0119cie swojej ulubionej miejskiej destynacji i no\u015b je z dum\u0105, niezale\u017cnie od pory roku czy miejsca na ziemi! <\/p>\n","protected":false},"featured_media":23865,"comment_status":"open","ping_status":"closed","template":"","meta":{"_acf_changed":false},"product_brand":[],"product_cat":[305],"product_tag":[351],"class_list":{"0":"post-24529","1":"product","2":"type-product","3":"status-publish","4":"has-post-thumbnail","6":"product_cat-totebags","7":"product_tag-koscierzyna-a-railway-town","9":"first","10":"instock","11":"taxable","12":"shipping-taxable","13":"purchasable","14":"product-type-variable","15":"has-default-attributes"},"acf":[],"_links":{"self":[{"href":"https:\/\/wearpl.com\/en\/wp-json\/wp\/v2\/product\/24529","targetHints":{"allow":["GET"]}}],"collection":[{"href":"https:\/\/wearpl.com\/en\/wp-json\/wp\/v2\/product"}],"about":[{"href":"https:\/\/wearpl.com\/en\/wp-json\/wp\/v2\/types\/product"}],"replies":[{"embeddable":true,"href":"https:\/\/wearpl.com\/en\/wp-json\/wp\/v2\/comments?post=24529"}],"wp:featuredmedia":[{"embeddable":true,"href":"https:\/\/wearpl.com\/en\/wp-json\/wp\/v2\/media\/23865"}],"wp:attachment":[{"href":"https:\/\/wearpl.com\/en\/wp-json\/wp\/v2\/media?parent=24529"}],"wp:term":[{"taxonomy":"product_brand","embeddable":true,"href":"https:\/\/wearpl.com\/en\/wp-json\/wp\/v2\/product_brand?post=24529"},{"taxonomy":"product_cat","embeddable":true,"href":"https:\/\/wearpl.com\/en\/wp-json\/wp\/v2\/product_cat?post=24529"},{"taxonomy":"product_tag","embeddable":true,"href":"https:\/\/wearpl.com\/en\/wp-json\/wp\/v2\/product_tag?post=24529"}],"curies":[{"name":"wp","href":"https:\/\/api.w.org\/{rel}","templated":true}]}}