{"id":24792,"date":"2025-11-17T17:46:27","date_gmt":"2025-11-17T16:46:27","guid":{"rendered":"https:\/\/wearpl.com\/sklep\/glogow-state-of-mind-womens-t-shirt\/"},"modified":"2025-11-17T17:46:27","modified_gmt":"2025-11-17T16:46:27","slug":"glogow-state-of-mind-womens-t-shirt","status":"publish","type":"product","link":"https:\/\/wearpl.com\/en\/sklep\/glogow-state-of-mind-womens-t-shirt\/","title":{"rendered":"G\u0142og\u00f3w State of Mind &#8211; Women&#8217;s T-Shirt"},"content":{"rendered":"<p>Dress your groove to the rhythm of G\u0142og\u00f3w with &#8220;G\u0142og\u00f3w State of Mind&#8221; style. This isn&#8217;t just clothing, it&#8217;s wearing your city, culture and pride on your heart, wherever your restless feet take you.<\/p>\n","protected":false},"excerpt":{"rendered":"<p>Dress your groove to the rhythm of G\u0142og\u00f3w with &#8220;G\u0142og\u00f3w State of Mind&#8221; style. This isn&#8217;t just clothing, it&#8217;s wearing your city, culture and pride on your heart, wherever your restless feet take you.<\/p>\n","protected":false},"featured_media":23114,"comment_status":"open","ping_status":"closed","template":"","meta":{"_acf_changed":false},"product_brand":[],"product_cat":[303],"product_tag":[374],"class_list":{"0":"post-24792","1":"product","2":"type-product","3":"status-publish","4":"has-post-thumbnail","6":"product_cat-koszulka-damska","7":"product_tag-glogow-state-of-mind","9":"first","10":"instock","11":"taxable","12":"shipping-taxable","13":"purchasable","14":"product-type-variable","15":"has-default-attributes"},"acf":[],"_links":{"self":[{"href":"https:\/\/wearpl.com\/en\/wp-json\/wp\/v2\/product\/24792","targetHints":{"allow":["GET"]}}],"collection":[{"href":"https:\/\/wearpl.com\/en\/wp-json\/wp\/v2\/product"}],"about":[{"href":"https:\/\/wearpl.com\/en\/wp-json\/wp\/v2\/types\/product"}],"replies":[{"embeddable":true,"href":"https:\/\/wearpl.com\/en\/wp-json\/wp\/v2\/comments?post=24792"}],"wp:featuredmedia":[{"embeddable":true,"href":"https:\/\/wearpl.com\/en\/wp-json\/wp\/v2\/media\/23114"}],"wp:attachment":[{"href":"https:\/\/wearpl.com\/en\/wp-json\/wp\/v2\/media?parent=24792"}],"wp:term":[{"taxonomy":"product_brand","embeddable":true,"href":"https:\/\/wearpl.com\/en\/wp-json\/wp\/v2\/product_brand?post=24792"},{"taxonomy":"product_cat","embeddable":true,"href":"https:\/\/wearpl.com\/en\/wp-json\/wp\/v2\/product_cat?post=24792"},{"taxonomy":"product_tag","embeddable":true,"href":"https:\/\/wearpl.com\/en\/wp-json\/wp\/v2\/product_tag?post=24792"}],"curies":[{"name":"wp","href":"https:\/\/api.w.org\/{rel}","templated":true}]}}