{"id":24898,"date":"2025-11-14T14:43:51","date_gmt":"2025-11-14T13:43:51","guid":{"rendered":"https:\/\/wearpl.com\/sklep\/lukow-view-t-shirt\/"},"modified":"2025-11-14T14:43:51","modified_gmt":"2025-11-14T13:43:51","slug":"lukow-view-t-shirt","status":"publish","type":"product","link":"https:\/\/wearpl.com\/en\/sklep\/lukow-view-t-shirt\/","title":{"rendered":"\u0141uk\u00f3w View T-shirt"},"content":{"rendered":"<p>Take a piece of \u0141uk\u00f3w with you, wherever you go, with our graphic that shines with local pride and character as brightly as the sun in the Podlasie sky. It&#8217;s not just clothing; it&#8217;s your personal window to adventures hidden among the picturesque streets of this charming town. <\/p>\n","protected":false},"excerpt":{"rendered":"<p>Take a piece of \u0141uk\u00f3w with you, wherever you go, with our graphic that shines with local pride and character as brightly as the sun in the Podlasie sky. It&#8217;s not just clothing; it&#8217;s your personal window to adventures hidden among the picturesque streets of this charming town. <\/p>\n","protected":false},"featured_media":22911,"comment_status":"open","ping_status":"closed","template":"","meta":{"_acf_changed":false},"product_brand":[],"product_cat":[296],"product_tag":[384],"class_list":{"0":"post-24898","1":"product","2":"type-product","3":"status-publish","4":"has-post-thumbnail","6":"product_cat-t-shirt","7":"product_tag-lukow-view","9":"first","10":"instock","11":"taxable","12":"shipping-taxable","13":"purchasable","14":"product-type-variable","15":"has-default-attributes"},"acf":[],"_links":{"self":[{"href":"https:\/\/wearpl.com\/en\/wp-json\/wp\/v2\/product\/24898","targetHints":{"allow":["GET"]}}],"collection":[{"href":"https:\/\/wearpl.com\/en\/wp-json\/wp\/v2\/product"}],"about":[{"href":"https:\/\/wearpl.com\/en\/wp-json\/wp\/v2\/types\/product"}],"replies":[{"embeddable":true,"href":"https:\/\/wearpl.com\/en\/wp-json\/wp\/v2\/comments?post=24898"}],"wp:featuredmedia":[{"embeddable":true,"href":"https:\/\/wearpl.com\/en\/wp-json\/wp\/v2\/media\/22911"}],"wp:attachment":[{"href":"https:\/\/wearpl.com\/en\/wp-json\/wp\/v2\/media?parent=24898"}],"wp:term":[{"taxonomy":"product_brand","embeddable":true,"href":"https:\/\/wearpl.com\/en\/wp-json\/wp\/v2\/product_brand?post=24898"},{"taxonomy":"product_cat","embeddable":true,"href":"https:\/\/wearpl.com\/en\/wp-json\/wp\/v2\/product_cat?post=24898"},{"taxonomy":"product_tag","embeddable":true,"href":"https:\/\/wearpl.com\/en\/wp-json\/wp\/v2\/product_tag?post=24898"}],"curies":[{"name":"wp","href":"https:\/\/api.w.org\/{rel}","templated":true}]}}