{"id":25708,"date":"2025-07-26T16:34:42","date_gmt":"2025-07-26T14:34:42","guid":{"rendered":"https:\/\/wearpl.com\/sklep\/namyslow-sweatshirt\/"},"modified":"2025-07-26T16:34:42","modified_gmt":"2025-07-26T14:34:42","slug":"namyslow-sweatshirt","status":"publish","type":"product","link":"https:\/\/wearpl.com\/en\/sklep\/namyslow-sweatshirt\/","title":{"rendered":"Namys\u0142\u00f3w &#8211; Sweatshirt"},"content":{"rendered":"<p>Fall in love with Namys\u0142\u00f3w by wearing its spirit on your clothing. It&#8217;s not just a graphic, it&#8217;s your city pulsating with life at every turn!<\/p>\n","protected":false},"excerpt":{"rendered":"<p>Fall in love with Namys\u0142\u00f3w by wearing its spirit on your clothing. It&#8217;s not just a graphic, it&#8217;s your city pulsating with life at every turn!<\/p>\n","protected":false},"featured_media":18843,"comment_status":"open","ping_status":"closed","template":"","meta":{"_acf_changed":false},"product_brand":[],"product_cat":[299],"product_tag":[426],"class_list":{"0":"post-25708","1":"product","2":"type-product","3":"status-publish","4":"has-post-thumbnail","6":"product_cat-sweatshirts","7":"product_tag-namyslow","9":"first","10":"instock","11":"taxable","12":"shipping-taxable","13":"purchasable","14":"product-type-variable","15":"has-default-attributes"},"acf":[],"_links":{"self":[{"href":"https:\/\/wearpl.com\/en\/wp-json\/wp\/v2\/product\/25708","targetHints":{"allow":["GET"]}}],"collection":[{"href":"https:\/\/wearpl.com\/en\/wp-json\/wp\/v2\/product"}],"about":[{"href":"https:\/\/wearpl.com\/en\/wp-json\/wp\/v2\/types\/product"}],"replies":[{"embeddable":true,"href":"https:\/\/wearpl.com\/en\/wp-json\/wp\/v2\/comments?post=25708"}],"wp:featuredmedia":[{"embeddable":true,"href":"https:\/\/wearpl.com\/en\/wp-json\/wp\/v2\/media\/18843"}],"wp:attachment":[{"href":"https:\/\/wearpl.com\/en\/wp-json\/wp\/v2\/media?parent=25708"}],"wp:term":[{"taxonomy":"product_brand","embeddable":true,"href":"https:\/\/wearpl.com\/en\/wp-json\/wp\/v2\/product_brand?post=25708"},{"taxonomy":"product_cat","embeddable":true,"href":"https:\/\/wearpl.com\/en\/wp-json\/wp\/v2\/product_cat?post=25708"},{"taxonomy":"product_tag","embeddable":true,"href":"https:\/\/wearpl.com\/en\/wp-json\/wp\/v2\/product_tag?post=25708"}],"curies":[{"name":"wp","href":"https:\/\/api.w.org\/{rel}","templated":true}]}}