{"id":25771,"date":"2025-07-25T22:05:26","date_gmt":"2025-07-25T20:05:26","guid":{"rendered":"https:\/\/wearpl.com\/sklep\/i-love-bialystok-bear-in-a-t-shirt\/"},"modified":"2025-07-25T22:05:26","modified_gmt":"2025-07-25T20:05:26","slug":"i-love-bialystok-bear-in-a-t-shirt","status":"publish","type":"product","link":"https:\/\/wearpl.com\/en\/sklep\/i-love-bialystok-bear-in-a-t-shirt\/","title":{"rendered":"I love Bia\u0142ystok &#8211; Bear in a T-shirt"},"content":{"rendered":"<p>Fall in love with Bia\u0142ystok by wearing this on your chest! This stylish &#8220;I LOVE BIA\u0141YSTOK&#8221; inscription is your personal declaration of love for the city, which every true Bia\u0142ystok resident will appreciate. <\/p>\n","protected":false},"excerpt":{"rendered":"<p>Fall in love with Bia\u0142ystok by wearing this on your chest! This stylish &#8220;I LOVE BIA\u0141YSTOK&#8221; inscription is your personal declaration of love for the city, which every true Bia\u0142ystok resident will appreciate. <\/p>\n","protected":false},"featured_media":18770,"comment_status":"open","ping_status":"closed","template":"","meta":{"_acf_changed":false},"product_brand":[],"product_cat":[304],"product_tag":[432],"class_list":{"0":"post-25771","1":"product","2":"type-product","3":"status-publish","4":"has-post-thumbnail","6":"product_cat-teddy-in-a-t-shirt","7":"product_tag-i-love-bialystok","9":"first","10":"instock","11":"taxable","12":"shipping-taxable","13":"purchasable","14":"product-type-variable","15":"has-default-attributes"},"acf":[],"_links":{"self":[{"href":"https:\/\/wearpl.com\/en\/wp-json\/wp\/v2\/product\/25771","targetHints":{"allow":["GET"]}}],"collection":[{"href":"https:\/\/wearpl.com\/en\/wp-json\/wp\/v2\/product"}],"about":[{"href":"https:\/\/wearpl.com\/en\/wp-json\/wp\/v2\/types\/product"}],"replies":[{"embeddable":true,"href":"https:\/\/wearpl.com\/en\/wp-json\/wp\/v2\/comments?post=25771"}],"wp:featuredmedia":[{"embeddable":true,"href":"https:\/\/wearpl.com\/en\/wp-json\/wp\/v2\/media\/18770"}],"wp:attachment":[{"href":"https:\/\/wearpl.com\/en\/wp-json\/wp\/v2\/media?parent=25771"}],"wp:term":[{"taxonomy":"product_brand","embeddable":true,"href":"https:\/\/wearpl.com\/en\/wp-json\/wp\/v2\/product_brand?post=25771"},{"taxonomy":"product_cat","embeddable":true,"href":"https:\/\/wearpl.com\/en\/wp-json\/wp\/v2\/product_cat?post=25771"},{"taxonomy":"product_tag","embeddable":true,"href":"https:\/\/wearpl.com\/en\/wp-json\/wp\/v2\/product_tag?post=25771"}],"curies":[{"name":"wp","href":"https:\/\/api.w.org\/{rel}","templated":true}]}}