{"id":25782,"date":"2025-07-25T22:05:25","date_gmt":"2025-07-25T20:05:25","guid":{"rendered":"https:\/\/wearpl.com\/sklep\/i-love-bialystok-bag\/"},"modified":"2025-07-25T22:05:25","modified_gmt":"2025-07-25T20:05:25","slug":"i-love-bialystok-bag","status":"publish","type":"product","link":"https:\/\/wearpl.com\/en\/sklep\/i-love-bialystok-bag\/","title":{"rendered":"I love Bia\u0142ystok &#8211; Bag"},"content":{"rendered":"<p>Fall in love with Bia\u0142ystok by wearing this on your chest! This stylish &#8220;I LOVE BIA\u0141YSTOK&#8221; inscription is your personal declaration of love for the city, which every true Bia\u0142ystok resident will appreciate. <\/p>\n","protected":false},"excerpt":{"rendered":"<p>Fall in love with Bia\u0142ystok by wearing this on your chest! This stylish &#8220;I LOVE BIA\u0141YSTOK&#8221; inscription is your personal declaration of love for the city, which every true Bia\u0142ystok resident will appreciate. <\/p>\n","protected":false},"featured_media":18769,"comment_status":"open","ping_status":"closed","template":"","meta":{"_acf_changed":false},"product_brand":[],"product_cat":[305],"product_tag":[432],"class_list":{"0":"post-25782","1":"product","2":"type-product","3":"status-publish","4":"has-post-thumbnail","6":"product_cat-totebags","7":"product_tag-i-love-bialystok","9":"first","10":"instock","11":"taxable","12":"shipping-taxable","13":"purchasable","14":"product-type-variable","15":"has-default-attributes"},"acf":[],"_links":{"self":[{"href":"https:\/\/wearpl.com\/en\/wp-json\/wp\/v2\/product\/25782","targetHints":{"allow":["GET"]}}],"collection":[{"href":"https:\/\/wearpl.com\/en\/wp-json\/wp\/v2\/product"}],"about":[{"href":"https:\/\/wearpl.com\/en\/wp-json\/wp\/v2\/types\/product"}],"replies":[{"embeddable":true,"href":"https:\/\/wearpl.com\/en\/wp-json\/wp\/v2\/comments?post=25782"}],"wp:featuredmedia":[{"embeddable":true,"href":"https:\/\/wearpl.com\/en\/wp-json\/wp\/v2\/media\/18769"}],"wp:attachment":[{"href":"https:\/\/wearpl.com\/en\/wp-json\/wp\/v2\/media?parent=25782"}],"wp:term":[{"taxonomy":"product_brand","embeddable":true,"href":"https:\/\/wearpl.com\/en\/wp-json\/wp\/v2\/product_brand?post=25782"},{"taxonomy":"product_cat","embeddable":true,"href":"https:\/\/wearpl.com\/en\/wp-json\/wp\/v2\/product_cat?post=25782"},{"taxonomy":"product_tag","embeddable":true,"href":"https:\/\/wearpl.com\/en\/wp-json\/wp\/v2\/product_tag?post=25782"}],"curies":[{"name":"wp","href":"https:\/\/api.w.org\/{rel}","templated":true}]}}