{"id":25931,"date":"2025-07-24T21:05:46","date_gmt":"2025-07-24T19:05:46","guid":{"rendered":"https:\/\/wearpl.com\/sklep\/knyszyn-t-shirt\/"},"modified":"2025-07-24T21:05:46","modified_gmt":"2025-07-24T19:05:46","slug":"knyszyn-t-shirt","status":"publish","type":"product","link":"https:\/\/wearpl.com\/en\/sklep\/knyszyn-t-shirt\/","title":{"rendered":"Knyszyn &#8211; T-shirt"},"content":{"rendered":"<p>Podkre\u015bl swoj\u0105 mi\u0142o\u015b\u0107 do Knyszyna z u\u015bmiechem, dzi\u0119ki tej grafice wykrzykuj\u0105cej Twoje uczucia jak g\u00f3rski echo! To wi\u0119cej ni\u017c wyznanie mi\u0142o\u015bci, to wyraz Twojej dumy i szcz\u0119\u015bciem, z dum\u0105 noszone na piersi. <\/p>\n","protected":false},"excerpt":{"rendered":"<p>Show your love for Knyszyn with a smile, thanks to this design that echoes your feelings like a mountain echo! It\u2019s more than a declaration of love; it\u2019s an expression of your pride and happiness, proudly worn on your chest. <\/p>\n","protected":false},"featured_media":18538,"comment_status":"open","ping_status":"closed","template":"","meta":{"_acf_changed":false},"product_brand":[],"product_cat":[296],"product_tag":[439],"class_list":{"0":"post-25931","1":"product","2":"type-product","3":"status-publish","4":"has-post-thumbnail","6":"product_cat-t-shirt","7":"product_tag-knyszyn","9":"first","10":"instock","11":"taxable","12":"shipping-taxable","13":"purchasable","14":"product-type-variable","15":"has-default-attributes"},"acf":[],"_links":{"self":[{"href":"https:\/\/wearpl.com\/en\/wp-json\/wp\/v2\/product\/25931","targetHints":{"allow":["GET"]}}],"collection":[{"href":"https:\/\/wearpl.com\/en\/wp-json\/wp\/v2\/product"}],"about":[{"href":"https:\/\/wearpl.com\/en\/wp-json\/wp\/v2\/types\/product"}],"replies":[{"embeddable":true,"href":"https:\/\/wearpl.com\/en\/wp-json\/wp\/v2\/comments?post=25931"}],"wp:featuredmedia":[{"embeddable":true,"href":"https:\/\/wearpl.com\/en\/wp-json\/wp\/v2\/media\/18538"}],"wp:attachment":[{"href":"https:\/\/wearpl.com\/en\/wp-json\/wp\/v2\/media?parent=25931"}],"wp:term":[{"taxonomy":"product_brand","embeddable":true,"href":"https:\/\/wearpl.com\/en\/wp-json\/wp\/v2\/product_brand?post=25931"},{"taxonomy":"product_cat","embeddable":true,"href":"https:\/\/wearpl.com\/en\/wp-json\/wp\/v2\/product_cat?post=25931"},{"taxonomy":"product_tag","embeddable":true,"href":"https:\/\/wearpl.com\/en\/wp-json\/wp\/v2\/product_tag?post=25931"}],"curies":[{"name":"wp","href":"https:\/\/api.w.org\/{rel}","templated":true}]}}