{"id":25975,"date":"2025-11-24T16:52:38","date_gmt":"2025-11-24T15:52:38","guid":{"rendered":"https:\/\/wearpl.com\/sklep\/deblin-miasto-orlat-koszulka-damska\/"},"modified":"2025-11-24T16:52:38","modified_gmt":"2025-11-24T15:52:38","slug":"deblin-miasto-orlat-koszulka-damska","status":"publish","type":"product","link":"https:\/\/wearpl.com\/en\/sklep\/deblin-miasto-orlat-koszulka-damska\/","title":{"rendered":"D\u0119blin &#8211; miasto orl\u0105t &#8211; Koszulka damska"},"content":{"rendered":"<p>&#8220;D\u0119blin \u2013 the city of eaglets, engraved on your heart and now on your stylish armour. Express your local patriotism, shine like an eagle in the crowd!&#8221;<\/p>\n","protected":false},"excerpt":{"rendered":"<p>&#8220;D\u0119blin \u2013 the city of eaglets, engraved on your heart and now on your stylish armour. Express your local patriotism, shine like an eagle in the crowd!&#8221;<\/p>\n","protected":false},"featured_media":23565,"comment_status":"open","ping_status":"closed","template":"","meta":{"_acf_changed":false},"product_brand":[],"product_cat":[303],"product_tag":[369],"class_list":{"0":"post-25975","1":"product","2":"type-product","3":"status-publish","4":"has-post-thumbnail","6":"product_cat-koszulka-damska","7":"product_tag-deblin-the-town-of-eaglets","9":"first","10":"instock","11":"taxable","12":"shipping-taxable","13":"purchasable","14":"product-type-variable","15":"has-default-attributes"},"acf":[],"_links":{"self":[{"href":"https:\/\/wearpl.com\/en\/wp-json\/wp\/v2\/product\/25975","targetHints":{"allow":["GET"]}}],"collection":[{"href":"https:\/\/wearpl.com\/en\/wp-json\/wp\/v2\/product"}],"about":[{"href":"https:\/\/wearpl.com\/en\/wp-json\/wp\/v2\/types\/product"}],"replies":[{"embeddable":true,"href":"https:\/\/wearpl.com\/en\/wp-json\/wp\/v2\/comments?post=25975"}],"wp:featuredmedia":[{"embeddable":true,"href":"https:\/\/wearpl.com\/en\/wp-json\/wp\/v2\/media\/23565"}],"wp:attachment":[{"href":"https:\/\/wearpl.com\/en\/wp-json\/wp\/v2\/media?parent=25975"}],"wp:term":[{"taxonomy":"product_brand","embeddable":true,"href":"https:\/\/wearpl.com\/en\/wp-json\/wp\/v2\/product_brand?post=25975"},{"taxonomy":"product_cat","embeddable":true,"href":"https:\/\/wearpl.com\/en\/wp-json\/wp\/v2\/product_cat?post=25975"},{"taxonomy":"product_tag","embeddable":true,"href":"https:\/\/wearpl.com\/en\/wp-json\/wp\/v2\/product_tag?post=25975"}],"curies":[{"name":"wp","href":"https:\/\/api.w.org\/{rel}","templated":true}]}}