{"id":26082,"date":"2025-10-22T14:31:23","date_gmt":"2025-10-22T12:31:23","guid":{"rendered":"https:\/\/wearpl.com\/sklep\/the-coat-of-arms-of-swieradow-zdroj-womens-t-shirt\/"},"modified":"2025-10-22T14:31:23","modified_gmt":"2025-10-22T12:31:23","slug":"the-coat-of-arms-of-swieradow-zdroj-womens-t-shirt","status":"publish","type":"product","link":"https:\/\/wearpl.com\/en\/sklep\/the-coat-of-arms-of-swieradow-zdroj-womens-t-shirt\/","title":{"rendered":"The Coat of Arms of \u015awierad\u00f3w-Zdr\u00f3j \u2013 Women\u2019s T-shirt"},"content":{"rendered":"<p>Wear a piece of \u015awierad\u00f3w-Zdr\u00f3j and feel its mountain spirit. Our design, featuring the emblem of this magical town, is a true badge of honor for every urban nomad!<\/p>\n","protected":false},"excerpt":{"rendered":"<p>Wear a piece of \u015awierad\u00f3w-Zdr\u00f3j and feel its mountain spirit. Our design, featuring the emblem of this magical town, is a true badge of honor for every urban nomad!<\/p>\n","protected":false},"featured_media":22736,"comment_status":"open","ping_status":"closed","template":"","meta":{"_acf_changed":false},"product_brand":[],"product_cat":[303],"product_tag":[383],"class_list":{"0":"post-26082","1":"product","2":"type-product","3":"status-publish","4":"has-post-thumbnail","6":"product_cat-koszulka-damska","7":"product_tag-swieradow-zdroj-emblem","9":"first","10":"instock","11":"taxable","12":"shipping-taxable","13":"purchasable","14":"product-type-variable","15":"has-default-attributes"},"acf":[],"_links":{"self":[{"href":"https:\/\/wearpl.com\/en\/wp-json\/wp\/v2\/product\/26082","targetHints":{"allow":["GET"]}}],"collection":[{"href":"https:\/\/wearpl.com\/en\/wp-json\/wp\/v2\/product"}],"about":[{"href":"https:\/\/wearpl.com\/en\/wp-json\/wp\/v2\/types\/product"}],"replies":[{"embeddable":true,"href":"https:\/\/wearpl.com\/en\/wp-json\/wp\/v2\/comments?post=26082"}],"wp:featuredmedia":[{"embeddable":true,"href":"https:\/\/wearpl.com\/en\/wp-json\/wp\/v2\/media\/22736"}],"wp:attachment":[{"href":"https:\/\/wearpl.com\/en\/wp-json\/wp\/v2\/media?parent=26082"}],"wp:term":[{"taxonomy":"product_brand","embeddable":true,"href":"https:\/\/wearpl.com\/en\/wp-json\/wp\/v2\/product_brand?post=26082"},{"taxonomy":"product_cat","embeddable":true,"href":"https:\/\/wearpl.com\/en\/wp-json\/wp\/v2\/product_cat?post=26082"},{"taxonomy":"product_tag","embeddable":true,"href":"https:\/\/wearpl.com\/en\/wp-json\/wp\/v2\/product_tag?post=26082"}],"curies":[{"name":"wp","href":"https:\/\/api.w.org\/{rel}","templated":true}]}}