{"id":26503,"date":"2025-10-22T14:31:22","date_gmt":"2025-10-22T12:31:22","guid":{"rendered":"https:\/\/wearpl.com\/sklep\/coat-of-arms-of-swieradow-zdroj-bag\/"},"modified":"2025-10-22T14:31:22","modified_gmt":"2025-10-22T12:31:22","slug":"coat-of-arms-of-swieradow-zdroj-bag","status":"publish","type":"product","link":"https:\/\/wearpl.com\/en\/sklep\/coat-of-arms-of-swieradow-zdroj-bag\/","title":{"rendered":"Coat of arms of \u015awierad\u00f3w-Zdr\u00f3j &#8211; Bag"},"content":{"rendered":"<p>Wear a piece of \u015awierad\u00f3w-Zdr\u00f3j and feel its mountain spirit. Our design, featuring the emblem of this magical town, is a true badge of honor for every urban nomad!<\/p>\n","protected":false},"excerpt":{"rendered":"<p>Wear a piece of \u015awierad\u00f3w-Zdr\u00f3j and feel its mountain spirit. Our design, featuring the emblem of this magical town, is a true badge of honor for every urban nomad!<\/p>\n","protected":false},"featured_media":22734,"comment_status":"open","ping_status":"closed","template":"","meta":{"_acf_changed":false},"product_brand":[],"product_cat":[305],"product_tag":[383],"class_list":{"0":"post-26503","1":"product","2":"type-product","3":"status-publish","4":"has-post-thumbnail","6":"product_cat-totebags","7":"product_tag-swieradow-zdroj-emblem","9":"first","10":"instock","11":"taxable","12":"shipping-taxable","13":"purchasable","14":"product-type-variable","15":"has-default-attributes"},"acf":[],"_links":{"self":[{"href":"https:\/\/wearpl.com\/en\/wp-json\/wp\/v2\/product\/26503","targetHints":{"allow":["GET"]}}],"collection":[{"href":"https:\/\/wearpl.com\/en\/wp-json\/wp\/v2\/product"}],"about":[{"href":"https:\/\/wearpl.com\/en\/wp-json\/wp\/v2\/types\/product"}],"replies":[{"embeddable":true,"href":"https:\/\/wearpl.com\/en\/wp-json\/wp\/v2\/comments?post=26503"}],"wp:featuredmedia":[{"embeddable":true,"href":"https:\/\/wearpl.com\/en\/wp-json\/wp\/v2\/media\/22734"}],"wp:attachment":[{"href":"https:\/\/wearpl.com\/en\/wp-json\/wp\/v2\/media?parent=26503"}],"wp:term":[{"taxonomy":"product_brand","embeddable":true,"href":"https:\/\/wearpl.com\/en\/wp-json\/wp\/v2\/product_brand?post=26503"},{"taxonomy":"product_cat","embeddable":true,"href":"https:\/\/wearpl.com\/en\/wp-json\/wp\/v2\/product_cat?post=26503"},{"taxonomy":"product_tag","embeddable":true,"href":"https:\/\/wearpl.com\/en\/wp-json\/wp\/v2\/product_tag?post=26503"}],"curies":[{"name":"wp","href":"https:\/\/api.w.org\/{rel}","templated":true}]}}