{"id":26784,"date":"2025-10-20T18:43:47","date_gmt":"2025-10-20T16:43:47","guid":{"rendered":"https:\/\/wearpl.com\/sklep\/i-love-lancut-t-shirt\/"},"modified":"2025-10-20T18:43:47","modified_gmt":"2025-10-20T16:43:47","slug":"i-love-lancut-t-shirt","status":"publish","type":"product","link":"https:\/\/wearpl.com\/en\/sklep\/i-love-lancut-t-shirt\/","title":{"rendered":"I Love \u0141a\u0144cut &#8211; T-shirt"},"content":{"rendered":"<p>&#8220;Fall in love with \u0141a\u0144cut with us, wearing this heartfelt graphic. Express your love for the region&#8217;s culture with pride and style!&#8221;<\/p>\n","protected":false},"excerpt":{"rendered":"<p>&#8220;Fall in love with \u0141a\u0144cut with us, wearing this heartfelt graphic. Express your love for the region&#8217;s culture with pride and style!&#8221;<\/p>\n","protected":false},"featured_media":22238,"comment_status":"open","ping_status":"closed","template":"","meta":{"_acf_changed":false},"product_brand":[],"product_cat":[296],"product_tag":[390],"class_list":{"0":"post-26784","1":"product","2":"type-product","3":"status-publish","4":"has-post-thumbnail","6":"product_cat-t-shirt","7":"product_tag-i-love-lancut","9":"first","10":"instock","11":"taxable","12":"shipping-taxable","13":"purchasable","14":"product-type-variable","15":"has-default-attributes"},"acf":[],"_links":{"self":[{"href":"https:\/\/wearpl.com\/en\/wp-json\/wp\/v2\/product\/26784","targetHints":{"allow":["GET"]}}],"collection":[{"href":"https:\/\/wearpl.com\/en\/wp-json\/wp\/v2\/product"}],"about":[{"href":"https:\/\/wearpl.com\/en\/wp-json\/wp\/v2\/types\/product"}],"replies":[{"embeddable":true,"href":"https:\/\/wearpl.com\/en\/wp-json\/wp\/v2\/comments?post=26784"}],"wp:featuredmedia":[{"embeddable":true,"href":"https:\/\/wearpl.com\/en\/wp-json\/wp\/v2\/media\/22238"}],"wp:attachment":[{"href":"https:\/\/wearpl.com\/en\/wp-json\/wp\/v2\/media?parent=26784"}],"wp:term":[{"taxonomy":"product_brand","embeddable":true,"href":"https:\/\/wearpl.com\/en\/wp-json\/wp\/v2\/product_brand?post=26784"},{"taxonomy":"product_cat","embeddable":true,"href":"https:\/\/wearpl.com\/en\/wp-json\/wp\/v2\/product_cat?post=26784"},{"taxonomy":"product_tag","embeddable":true,"href":"https:\/\/wearpl.com\/en\/wp-json\/wp\/v2\/product_tag?post=26784"}],"curies":[{"name":"wp","href":"https:\/\/api.w.org\/{rel}","templated":true}]}}