{"id":26814,"date":"2025-10-10T12:44:02","date_gmt":"2025-10-10T10:44:02","guid":{"rendered":"https:\/\/wearpl.com\/sklep\/i-love-andrychow-sweatshirt\/"},"modified":"2025-10-10T12:44:02","modified_gmt":"2025-10-10T10:44:02","slug":"i-love-andrychow-sweatshirt","status":"publish","type":"product","link":"https:\/\/wearpl.com\/en\/sklep\/i-love-andrychow-sweatshirt\/","title":{"rendered":"I Love Andrych\u00f3w &#8211; Sweatshirt"},"content":{"rendered":"<p>&#8220;Fall in love with Andrych\u00f3w by wearing your heart on your sleeve&#8230; or on your bag. The &#8216;I love Andrych\u00f3w&#8217; design is your personal declaration of love for the town, which is always with you, wherever you go.&#8221;<\/p>\n","protected":false},"excerpt":{"rendered":"<p>&#8220;Fall in love with Andrych\u00f3w by wearing your heart on your sleeve&#8230; or on your bag. The &#8216;I love Andrych\u00f3w&#8217; design is your personal declaration of love for the town, which is always with you, wherever you go.&#8221;<\/p>\n","protected":false},"featured_media":22072,"comment_status":"open","ping_status":"closed","template":"","meta":{"_acf_changed":false},"product_brand":[],"product_cat":[299],"product_tag":[448],"class_list":{"0":"post-26814","1":"product","2":"type-product","3":"status-publish","4":"has-post-thumbnail","6":"product_cat-sweatshirts","7":"product_tag-i-love-andrychow","9":"first","10":"instock","11":"taxable","12":"shipping-taxable","13":"purchasable","14":"product-type-variable","15":"has-default-attributes"},"acf":[],"_links":{"self":[{"href":"https:\/\/wearpl.com\/en\/wp-json\/wp\/v2\/product\/26814","targetHints":{"allow":["GET"]}}],"collection":[{"href":"https:\/\/wearpl.com\/en\/wp-json\/wp\/v2\/product"}],"about":[{"href":"https:\/\/wearpl.com\/en\/wp-json\/wp\/v2\/types\/product"}],"replies":[{"embeddable":true,"href":"https:\/\/wearpl.com\/en\/wp-json\/wp\/v2\/comments?post=26814"}],"wp:featuredmedia":[{"embeddable":true,"href":"https:\/\/wearpl.com\/en\/wp-json\/wp\/v2\/media\/22072"}],"wp:attachment":[{"href":"https:\/\/wearpl.com\/en\/wp-json\/wp\/v2\/media?parent=26814"}],"wp:term":[{"taxonomy":"product_brand","embeddable":true,"href":"https:\/\/wearpl.com\/en\/wp-json\/wp\/v2\/product_brand?post=26814"},{"taxonomy":"product_cat","embeddable":true,"href":"https:\/\/wearpl.com\/en\/wp-json\/wp\/v2\/product_cat?post=26814"},{"taxonomy":"product_tag","embeddable":true,"href":"https:\/\/wearpl.com\/en\/wp-json\/wp\/v2\/product_tag?post=26814"}],"curies":[{"name":"wp","href":"https:\/\/api.w.org\/{rel}","templated":true}]}}