{"id":27043,"date":"2026-03-19T09:25:39","date_gmt":"2026-03-19T08:25:39","guid":{"rendered":"https:\/\/wearpl.com\/sklep\/otwock-is-gridlocked-t-shirt\/"},"modified":"2026-03-19T09:25:39","modified_gmt":"2026-03-19T08:25:39","slug":"otwock-is-gridlocked-t-shirt","status":"publish","type":"product","link":"https:\/\/wearpl.com\/en\/sklep\/otwock-is-gridlocked-t-shirt\/","title":{"rendered":"Otwock is gridlocked &#8211; T-shirt"},"content":{"rendered":"<p>Wear our &#8220;Otwock Stuck in Traffic&#8221; design and feel the rhythm of local humour pulsing through your clothes! Show that you\u2019re proudly navigating a city that can be full of life even when it\u2019s at a standstill! <\/p>\n","protected":false},"excerpt":{"rendered":"<p>Za\u0142\u00f3\u017c nasz\u0105 grafik\u0119 &#8220;Otwock Stoi w Korkach&#8221; i poczuj rytm miejcowego humoru pulsuj\u0105cego w twojej odzie\u017cy! Poka\u017c, \u017ce dumnie przemierzasz miasto, kt\u00f3re nawet w zastoju potrafi by\u0107 pe\u0142ne \u017cycia! <\/p>\n","protected":false},"featured_media":27044,"comment_status":"open","ping_status":"closed","template":"","meta":{"_acf_changed":false},"product_brand":[],"product_cat":[296],"product_tag":[460],"class_list":{"0":"post-27043","1":"product","2":"type-product","3":"status-publish","4":"has-post-thumbnail","6":"product_cat-t-shirt","7":"product_tag-otwock-is-gridlocked","9":"first","10":"instock","11":"taxable","12":"shipping-taxable","13":"purchasable","14":"product-type-variable","15":"has-default-attributes"},"acf":[],"_links":{"self":[{"href":"https:\/\/wearpl.com\/en\/wp-json\/wp\/v2\/product\/27043","targetHints":{"allow":["GET"]}}],"collection":[{"href":"https:\/\/wearpl.com\/en\/wp-json\/wp\/v2\/product"}],"about":[{"href":"https:\/\/wearpl.com\/en\/wp-json\/wp\/v2\/types\/product"}],"replies":[{"embeddable":true,"href":"https:\/\/wearpl.com\/en\/wp-json\/wp\/v2\/comments?post=27043"}],"wp:featuredmedia":[{"embeddable":true,"href":"https:\/\/wearpl.com\/en\/wp-json\/wp\/v2\/media\/27044"}],"wp:attachment":[{"href":"https:\/\/wearpl.com\/en\/wp-json\/wp\/v2\/media?parent=27043"}],"wp:term":[{"taxonomy":"product_brand","embeddable":true,"href":"https:\/\/wearpl.com\/en\/wp-json\/wp\/v2\/product_brand?post=27043"},{"taxonomy":"product_cat","embeddable":true,"href":"https:\/\/wearpl.com\/en\/wp-json\/wp\/v2\/product_cat?post=27043"},{"taxonomy":"product_tag","embeddable":true,"href":"https:\/\/wearpl.com\/en\/wp-json\/wp\/v2\/product_tag?post=27043"}],"curies":[{"name":"wp","href":"https:\/\/api.w.org\/{rel}","templated":true}]}}