{"id":28296,"date":"2025-08-05T22:47:23","date_gmt":"2025-08-05T20:47:23","guid":{"rendered":"https:\/\/wearpl.com\/sklep\/the-coat-of-arms-of-wloclawek-t-shirt\/"},"modified":"2025-08-05T22:47:23","modified_gmt":"2025-08-05T20:47:23","slug":"the-coat-of-arms-of-wloclawek-t-shirt","status":"publish","type":"product","link":"https:\/\/wearpl.com\/en\/sklep\/the-coat-of-arms-of-wloclawek-t-shirt\/","title":{"rendered":"The Coat of Arms of W\u0142oc\u0142awek &#8211; T-shirt"},"content":{"rendered":"<p>&#8220;Immerse yourself in your own little corner of W\u0142oc\u0142awek, wearing a crest on your chest that has symbolised pride for generations. Feel the rhythm of this timeless melody, whose key is your local colours!&#8221;<\/p>\n","protected":false},"excerpt":{"rendered":"<p>&#8220;Immerse yourself in your own little corner of W\u0142oc\u0142awek, wearing a crest on your chest that has symbolised pride for generations. Feel the rhythm of this timeless melody, whose key is your local colours!&#8221;<\/p>\n","protected":false},"featured_media":19599,"comment_status":"open","ping_status":"closed","template":"","meta":{"_acf_changed":false},"product_brand":[],"product_cat":[296],"product_tag":[504],"class_list":{"0":"post-28296","1":"product","2":"type-product","3":"status-publish","4":"has-post-thumbnail","6":"product_cat-t-shirt","7":"product_tag-the-coat-of-arms-of-wloclawek","9":"first","10":"instock","11":"taxable","12":"shipping-taxable","13":"purchasable","14":"product-type-variable","15":"has-default-attributes"},"acf":[],"_links":{"self":[{"href":"https:\/\/wearpl.com\/en\/wp-json\/wp\/v2\/product\/28296","targetHints":{"allow":["GET"]}}],"collection":[{"href":"https:\/\/wearpl.com\/en\/wp-json\/wp\/v2\/product"}],"about":[{"href":"https:\/\/wearpl.com\/en\/wp-json\/wp\/v2\/types\/product"}],"replies":[{"embeddable":true,"href":"https:\/\/wearpl.com\/en\/wp-json\/wp\/v2\/comments?post=28296"}],"wp:featuredmedia":[{"embeddable":true,"href":"https:\/\/wearpl.com\/en\/wp-json\/wp\/v2\/media\/19599"}],"wp:attachment":[{"href":"https:\/\/wearpl.com\/en\/wp-json\/wp\/v2\/media?parent=28296"}],"wp:term":[{"taxonomy":"product_brand","embeddable":true,"href":"https:\/\/wearpl.com\/en\/wp-json\/wp\/v2\/product_brand?post=28296"},{"taxonomy":"product_cat","embeddable":true,"href":"https:\/\/wearpl.com\/en\/wp-json\/wp\/v2\/product_cat?post=28296"},{"taxonomy":"product_tag","embeddable":true,"href":"https:\/\/wearpl.com\/en\/wp-json\/wp\/v2\/product_tag?post=28296"}],"curies":[{"name":"wp","href":"https:\/\/api.w.org\/{rel}","templated":true}]}}