{"id":28414,"date":"2025-10-20T18:52:00","date_gmt":"2025-10-20T16:52:00","guid":{"rendered":"https:\/\/wearpl.com\/sklep\/from-the-furnace-to-the-street-t-shirt\/"},"modified":"2025-10-20T18:52:00","modified_gmt":"2025-10-20T16:52:00","slug":"from-the-furnace-to-the-street-t-shirt","status":"publish","type":"product","link":"https:\/\/wearpl.com\/en\/sklep\/from-the-furnace-to-the-street-t-shirt\/","title":{"rendered":"FROM THE FURNACE TO THE STREET &#8211; T-shirt"},"content":{"rendered":"<p>&#8220;Od pieca prosto na ulic\u0119, piechowicka grafika na twej sk\u00f3rze t\u0119tni pulsuj\u0105cym \u017cyciem miasta. W\u0142\u00f3\u017c na siebie dum\u0119 regionu &#8211; b\u0105d\u017a odwa\u017cny, autentyczny i niepowtarzalny jak Piechowice!&#8221;<\/p>\n","protected":false},"excerpt":{"rendered":"<p>&#8220;Od pieca prosto na ulic\u0119, piechowicka grafika na twej sk\u00f3rze t\u0119tni pulsuj\u0105cym \u017cyciem miasta. W\u0142\u00f3\u017c na siebie dum\u0119 regionu &#8211; b\u0105d\u017a odwa\u017cny, autentyczny i niepowtarzalny jak Piechowice!&#8221;<\/p>\n","protected":false},"featured_media":22257,"comment_status":"open","ping_status":"closed","template":"","meta":{"_acf_changed":false},"product_brand":[],"product_cat":[296],"product_tag":[447],"class_list":{"0":"post-28414","1":"product","2":"type-product","3":"status-publish","4":"has-post-thumbnail","6":"product_cat-t-shirt","7":"product_tag-from-the-furnace-to-the-street","9":"first","10":"instock","11":"taxable","12":"shipping-taxable","13":"purchasable","14":"product-type-variable","15":"has-default-attributes"},"acf":[],"_links":{"self":[{"href":"https:\/\/wearpl.com\/en\/wp-json\/wp\/v2\/product\/28414","targetHints":{"allow":["GET"]}}],"collection":[{"href":"https:\/\/wearpl.com\/en\/wp-json\/wp\/v2\/product"}],"about":[{"href":"https:\/\/wearpl.com\/en\/wp-json\/wp\/v2\/types\/product"}],"replies":[{"embeddable":true,"href":"https:\/\/wearpl.com\/en\/wp-json\/wp\/v2\/comments?post=28414"}],"wp:featuredmedia":[{"embeddable":true,"href":"https:\/\/wearpl.com\/en\/wp-json\/wp\/v2\/media\/22257"}],"wp:attachment":[{"href":"https:\/\/wearpl.com\/en\/wp-json\/wp\/v2\/media?parent=28414"}],"wp:term":[{"taxonomy":"product_brand","embeddable":true,"href":"https:\/\/wearpl.com\/en\/wp-json\/wp\/v2\/product_brand?post=28414"},{"taxonomy":"product_cat","embeddable":true,"href":"https:\/\/wearpl.com\/en\/wp-json\/wp\/v2\/product_cat?post=28414"},{"taxonomy":"product_tag","embeddable":true,"href":"https:\/\/wearpl.com\/en\/wp-json\/wp\/v2\/product_tag?post=28414"}],"curies":[{"name":"wp","href":"https:\/\/api.w.org\/{rel}","templated":true}]}}