{"id":29283,"date":"2025-10-10T12:42:15","date_gmt":"2025-10-10T10:42:15","guid":{"rendered":"https:\/\/wearpl.com\/sklep\/andrychow-palace-t-shirt\/"},"modified":"2025-10-10T12:42:15","modified_gmt":"2025-10-10T10:42:15","slug":"andrychow-palace-t-shirt","status":"publish","type":"product","link":"https:\/\/wearpl.com\/en\/sklep\/andrychow-palace-t-shirt\/","title":{"rendered":"Andrych\u00f3w Palace &#8211; T-shirt"},"content":{"rendered":"<p>Grab a piece of Andrych\u00f3w without leaving home with our &#8220;Andrych\u00f3 Palace&#8221; graphic series. Wear it with pride, just like the locals carry their stories &#8211; with a smile on your face and love for the little details.<\/p>\n","protected":false},"excerpt":{"rendered":"<p>Grab a piece of Andrych\u00f3w without leaving home with our &#8220;Andrych\u00f3 Palace&#8221; graphic series. Wear it with pride, just like the locals carry their stories &#8211; with a smile on your face and love for the little details.<\/p>\n","protected":false},"featured_media":22024,"comment_status":"open","ping_status":"closed","template":"","meta":{"_acf_changed":false},"product_brand":[],"product_cat":[296],"product_tag":[394],"class_list":{"0":"post-29283","1":"product","2":"type-product","3":"status-publish","4":"has-post-thumbnail","6":"product_cat-t-shirt","7":"product_tag-andrychow-palace","9":"first","10":"instock","11":"taxable","12":"shipping-taxable","13":"purchasable","14":"product-type-variable","15":"has-default-attributes"},"acf":[],"_links":{"self":[{"href":"https:\/\/wearpl.com\/en\/wp-json\/wp\/v2\/product\/29283","targetHints":{"allow":["GET"]}}],"collection":[{"href":"https:\/\/wearpl.com\/en\/wp-json\/wp\/v2\/product"}],"about":[{"href":"https:\/\/wearpl.com\/en\/wp-json\/wp\/v2\/types\/product"}],"replies":[{"embeddable":true,"href":"https:\/\/wearpl.com\/en\/wp-json\/wp\/v2\/comments?post=29283"}],"wp:featuredmedia":[{"embeddable":true,"href":"https:\/\/wearpl.com\/en\/wp-json\/wp\/v2\/media\/22024"}],"wp:attachment":[{"href":"https:\/\/wearpl.com\/en\/wp-json\/wp\/v2\/media?parent=29283"}],"wp:term":[{"taxonomy":"product_brand","embeddable":true,"href":"https:\/\/wearpl.com\/en\/wp-json\/wp\/v2\/product_brand?post=29283"},{"taxonomy":"product_cat","embeddable":true,"href":"https:\/\/wearpl.com\/en\/wp-json\/wp\/v2\/product_cat?post=29283"},{"taxonomy":"product_tag","embeddable":true,"href":"https:\/\/wearpl.com\/en\/wp-json\/wp\/v2\/product_tag?post=29283"}],"curies":[{"name":"wp","href":"https:\/\/api.w.org\/{rel}","templated":true}]}}