{"id":29314,"date":"2025-10-10T12:42:31","date_gmt":"2025-10-10T10:42:31","guid":{"rendered":"https:\/\/wearpl.com\/sklep\/andrychow-palace-sweatshirt\/"},"modified":"2025-10-10T12:42:31","modified_gmt":"2025-10-10T10:42:31","slug":"andrychow-palace-sweatshirt","status":"publish","type":"product","link":"https:\/\/wearpl.com\/en\/sklep\/andrychow-palace-sweatshirt\/","title":{"rendered":"Andrych\u00f3w Palace &#8211; Sweatshirt"},"content":{"rendered":"<p>Grab a piece of Andrych\u00f3w without leaving home with our &#8220;Andrych\u00f3 Palace&#8221; graphic series. Wear it with pride, just like the locals carry their stories &#8211; with a smile on your face and love for the little details.<\/p>\n","protected":false},"excerpt":{"rendered":"<p>Grab a piece of Andrych\u00f3w without leaving home with our &#8220;Andrych\u00f3 Palace&#8221; graphic series. Wear it with pride, just like the locals carry their stories &#8211; with a smile on your face and love for the little details.<\/p>\n","protected":false},"featured_media":22038,"comment_status":"open","ping_status":"closed","template":"","meta":{"_acf_changed":false},"product_brand":[],"product_cat":[299],"product_tag":[394],"class_list":{"0":"post-29314","1":"product","2":"type-product","3":"status-publish","4":"has-post-thumbnail","6":"product_cat-sweatshirts","7":"product_tag-andrychow-palace","9":"first","10":"instock","11":"taxable","12":"shipping-taxable","13":"purchasable","14":"product-type-variable","15":"has-default-attributes"},"acf":[],"_links":{"self":[{"href":"https:\/\/wearpl.com\/en\/wp-json\/wp\/v2\/product\/29314","targetHints":{"allow":["GET"]}}],"collection":[{"href":"https:\/\/wearpl.com\/en\/wp-json\/wp\/v2\/product"}],"about":[{"href":"https:\/\/wearpl.com\/en\/wp-json\/wp\/v2\/types\/product"}],"replies":[{"embeddable":true,"href":"https:\/\/wearpl.com\/en\/wp-json\/wp\/v2\/comments?post=29314"}],"wp:featuredmedia":[{"embeddable":true,"href":"https:\/\/wearpl.com\/en\/wp-json\/wp\/v2\/media\/22038"}],"wp:attachment":[{"href":"https:\/\/wearpl.com\/en\/wp-json\/wp\/v2\/media?parent=29314"}],"wp:term":[{"taxonomy":"product_brand","embeddable":true,"href":"https:\/\/wearpl.com\/en\/wp-json\/wp\/v2\/product_brand?post=29314"},{"taxonomy":"product_cat","embeddable":true,"href":"https:\/\/wearpl.com\/en\/wp-json\/wp\/v2\/product_cat?post=29314"},{"taxonomy":"product_tag","embeddable":true,"href":"https:\/\/wearpl.com\/en\/wp-json\/wp\/v2\/product_tag?post=29314"}],"curies":[{"name":"wp","href":"https:\/\/api.w.org\/{rel}","templated":true}]}}