{"id":30042,"date":"2025-08-10T22:09:08","date_gmt":"2025-08-10T20:09:08","guid":{"rendered":"https:\/\/wearpl.com\/sklep\/i-love-radzyn-chelminski-womens-t-shirt\/"},"modified":"2025-08-10T22:09:08","modified_gmt":"2025-08-10T20:09:08","slug":"i-love-radzyn-chelminski-womens-t-shirt","status":"publish","type":"product","link":"https:\/\/wearpl.com\/en\/sklep\/i-love-radzyn-chelminski-womens-t-shirt\/","title":{"rendered":"I Love Radzy\u0144 Che\u0142mi\u0144ski \u2013 Women\u2019s T-shirt"},"content":{"rendered":"<p>&#8220;This is your way of showing that RADZY\u0143 CHE\u0141MI\u0143SKI is close to your heart and that you love this place. Wear your pride, show your local patriotism, and let everyone see that you are part of this unique community!&#8221;<\/p>\n","protected":false},"excerpt":{"rendered":"<p>&#8220;This is your way of showing that RADZY\u0143 CHE\u0141MI\u0143SKI is close to your heart and that you love this place. Wear your pride, show your local patriotism, and let everyone see that you are part of this unique community!&#8221;<\/p>\n","protected":false},"featured_media":19817,"comment_status":"open","ping_status":"closed","template":"","meta":{"_acf_changed":false},"product_brand":[],"product_cat":[303],"product_tag":[483],"class_list":{"0":"post-30042","1":"product","2":"type-product","3":"status-publish","4":"has-post-thumbnail","6":"product_cat-koszulka-damska","7":"product_tag-i-love-radzyn-chelminski","9":"first","10":"instock","11":"taxable","12":"shipping-taxable","13":"purchasable","14":"product-type-variable","15":"has-default-attributes"},"acf":[],"_links":{"self":[{"href":"https:\/\/wearpl.com\/en\/wp-json\/wp\/v2\/product\/30042","targetHints":{"allow":["GET"]}}],"collection":[{"href":"https:\/\/wearpl.com\/en\/wp-json\/wp\/v2\/product"}],"about":[{"href":"https:\/\/wearpl.com\/en\/wp-json\/wp\/v2\/types\/product"}],"replies":[{"embeddable":true,"href":"https:\/\/wearpl.com\/en\/wp-json\/wp\/v2\/comments?post=30042"}],"wp:featuredmedia":[{"embeddable":true,"href":"https:\/\/wearpl.com\/en\/wp-json\/wp\/v2\/media\/19817"}],"wp:attachment":[{"href":"https:\/\/wearpl.com\/en\/wp-json\/wp\/v2\/media?parent=30042"}],"wp:term":[{"taxonomy":"product_brand","embeddable":true,"href":"https:\/\/wearpl.com\/en\/wp-json\/wp\/v2\/product_brand?post=30042"},{"taxonomy":"product_cat","embeddable":true,"href":"https:\/\/wearpl.com\/en\/wp-json\/wp\/v2\/product_cat?post=30042"},{"taxonomy":"product_tag","embeddable":true,"href":"https:\/\/wearpl.com\/en\/wp-json\/wp\/v2\/product_tag?post=30042"}],"curies":[{"name":"wp","href":"https:\/\/api.w.org\/{rel}","templated":true}]}}