{"id":30458,"date":"2025-08-05T22:38:12","date_gmt":"2025-08-05T20:38:12","guid":{"rendered":"https:\/\/wearpl.com\/sklep\/i-love-wloclawek-bag\/"},"modified":"2025-08-05T22:38:12","modified_gmt":"2025-08-05T20:38:12","slug":"i-love-wloclawek-bag","status":"publish","type":"product","link":"https:\/\/wearpl.com\/en\/sklep\/i-love-wloclawek-bag\/","title":{"rendered":"I love W\u0142oc\u0142awek &#8211; Bag"},"content":{"rendered":"<p>Reignite your love for W\u0142oc\u0142awek by wearing it proudly on your chest! This unique design is more than just a slogan \u2013 it\u2019s our shared \u2018heart\u2019 for the most beautiful corners of our region! <\/p>\n","protected":false},"excerpt":{"rendered":"<p>Reignite your love for W\u0142oc\u0142awek by wearing it proudly on your chest! This unique design is more than just a slogan \u2013 it\u2019s our shared \u2018heart\u2019 for the most beautiful corners of our region! <\/p>\n","protected":false},"featured_media":19584,"comment_status":"open","ping_status":"closed","template":"","meta":{"_acf_changed":false},"product_brand":[],"product_cat":[305],"product_tag":[516],"class_list":{"0":"post-30458","1":"product","2":"type-product","3":"status-publish","4":"has-post-thumbnail","6":"product_cat-totebags","7":"product_tag-i-love-wloclawek","9":"first","10":"instock","11":"taxable","12":"shipping-taxable","13":"purchasable","14":"product-type-variable","15":"has-default-attributes"},"acf":[],"_links":{"self":[{"href":"https:\/\/wearpl.com\/en\/wp-json\/wp\/v2\/product\/30458","targetHints":{"allow":["GET"]}}],"collection":[{"href":"https:\/\/wearpl.com\/en\/wp-json\/wp\/v2\/product"}],"about":[{"href":"https:\/\/wearpl.com\/en\/wp-json\/wp\/v2\/types\/product"}],"replies":[{"embeddable":true,"href":"https:\/\/wearpl.com\/en\/wp-json\/wp\/v2\/comments?post=30458"}],"wp:featuredmedia":[{"embeddable":true,"href":"https:\/\/wearpl.com\/en\/wp-json\/wp\/v2\/media\/19584"}],"wp:attachment":[{"href":"https:\/\/wearpl.com\/en\/wp-json\/wp\/v2\/media?parent=30458"}],"wp:term":[{"taxonomy":"product_brand","embeddable":true,"href":"https:\/\/wearpl.com\/en\/wp-json\/wp\/v2\/product_brand?post=30458"},{"taxonomy":"product_cat","embeddable":true,"href":"https:\/\/wearpl.com\/en\/wp-json\/wp\/v2\/product_cat?post=30458"},{"taxonomy":"product_tag","embeddable":true,"href":"https:\/\/wearpl.com\/en\/wp-json\/wp\/v2\/product_tag?post=30458"}],"curies":[{"name":"wp","href":"https:\/\/api.w.org\/{rel}","templated":true}]}}