{"id":30551,"date":"2025-07-29T16:28:29","date_gmt":"2025-07-29T14:28:29","guid":{"rendered":"https:\/\/wearpl.com\/sklep\/i-love-milomlyn-t-shirt\/"},"modified":"2025-07-29T16:28:29","modified_gmt":"2025-07-29T14:28:29","slug":"i-love-milomlyn-t-shirt","status":"publish","type":"product","link":"https:\/\/wearpl.com\/en\/sklep\/i-love-milomlyn-t-shirt\/","title":{"rendered":"I love Mi\u0142om\u0142yn &#8211; T-shirt"},"content":{"rendered":"<p>&#8220;Fall in love with Mi\u0142om\u0142yn just like we have \u2013 wear our heart-shaped design with pride. Because it\u2019s more than just a slogan; it\u2019s Mi\u0142om\u0142yn\u2019s way of saying \u2018I Love You\u2019 to everyday life!&#8221;<\/p>\n","protected":false},"excerpt":{"rendered":"<p>&#8220;Fall in love with Mi\u0142om\u0142yn just like we have \u2013 wear our heart-shaped design with pride. Because it\u2019s more than just a slogan; it\u2019s Mi\u0142om\u0142yn\u2019s way of saying \u2018I Love You\u2019 to everyday life!&#8221;<\/p>\n","protected":false},"featured_media":19355,"comment_status":"open","ping_status":"closed","template":"","meta":{"_acf_changed":false},"product_brand":[],"product_cat":[296],"product_tag":[515],"class_list":{"0":"post-30551","1":"product","2":"type-product","3":"status-publish","4":"has-post-thumbnail","6":"product_cat-t-shirt","7":"product_tag-i-love-milomlyn","9":"first","10":"instock","11":"taxable","12":"shipping-taxable","13":"purchasable","14":"product-type-variable","15":"has-default-attributes"},"acf":[],"_links":{"self":[{"href":"https:\/\/wearpl.com\/en\/wp-json\/wp\/v2\/product\/30551","targetHints":{"allow":["GET"]}}],"collection":[{"href":"https:\/\/wearpl.com\/en\/wp-json\/wp\/v2\/product"}],"about":[{"href":"https:\/\/wearpl.com\/en\/wp-json\/wp\/v2\/types\/product"}],"replies":[{"embeddable":true,"href":"https:\/\/wearpl.com\/en\/wp-json\/wp\/v2\/comments?post=30551"}],"wp:featuredmedia":[{"embeddable":true,"href":"https:\/\/wearpl.com\/en\/wp-json\/wp\/v2\/media\/19355"}],"wp:attachment":[{"href":"https:\/\/wearpl.com\/en\/wp-json\/wp\/v2\/media?parent=30551"}],"wp:term":[{"taxonomy":"product_brand","embeddable":true,"href":"https:\/\/wearpl.com\/en\/wp-json\/wp\/v2\/product_brand?post=30551"},{"taxonomy":"product_cat","embeddable":true,"href":"https:\/\/wearpl.com\/en\/wp-json\/wp\/v2\/product_cat?post=30551"},{"taxonomy":"product_tag","embeddable":true,"href":"https:\/\/wearpl.com\/en\/wp-json\/wp\/v2\/product_tag?post=30551"}],"curies":[{"name":"wp","href":"https:\/\/api.w.org\/{rel}","templated":true}]}}