{"id":30630,"date":"2025-08-10T22:13:24","date_gmt":"2025-08-10T20:13:24","guid":{"rendered":"https:\/\/wearpl.com\/sklep\/a-proud-resident-of-radzyn-chelminski-childrens-bodysuits\/"},"modified":"2025-08-10T22:13:24","modified_gmt":"2025-08-10T20:13:24","slug":"a-proud-resident-of-radzyn-chelminski-childrens-bodysuits","status":"publish","type":"product","link":"https:\/\/wearpl.com\/en\/sklep\/a-proud-resident-of-radzyn-chelminski-childrens-bodysuits\/","title":{"rendered":"A proud resident of Radzy\u0144 Che\u0142mi\u0144ski &#8211; Children&#8217;s bodysuits"},"content":{"rendered":"<p>&#8220;Proud Resident of Radzy\u0144 Che\u0142mi\u0144ski&#8221; \u2013 it\u2019s not just a mix of letters on fabric; above all, it\u2019s a declaration of love for a place that, beating in your heart, shows every soul the roots you carry in your DNA! By wearing this design, you\u2019re whispering to the world: &#8220;Hey, I\u2019m from here and I\u2019m <\/p>\n","protected":false},"excerpt":{"rendered":"<p>&#8220;Proud Resident of Radzy\u0144 Che\u0142mi\u0144ski&#8221; \u2013 it\u2019s not just a mix of letters on fabric; above all, it\u2019s a declaration of love for a place that, beating in your heart, shows every soul the roots you carry in your DNA! By wearing this design, you\u2019re whispering to the world: &#8220;Hey, I\u2019m from here and I\u2019m <\/p>\n","protected":false},"featured_media":19828,"comment_status":"open","ping_status":"closed","template":"","meta":{"_acf_changed":false},"product_brand":[],"product_cat":[302],"product_tag":[533],"class_list":{"0":"post-30630","1":"product","2":"type-product","3":"status-publish","4":"has-post-thumbnail","6":"product_cat-baby-bodysuits","7":"product_tag-a-proud-resident-of-radzyn-chelminski","9":"first","10":"instock","11":"taxable","12":"shipping-taxable","13":"purchasable","14":"product-type-variable","15":"has-default-attributes"},"acf":[],"_links":{"self":[{"href":"https:\/\/wearpl.com\/en\/wp-json\/wp\/v2\/product\/30630","targetHints":{"allow":["GET"]}}],"collection":[{"href":"https:\/\/wearpl.com\/en\/wp-json\/wp\/v2\/product"}],"about":[{"href":"https:\/\/wearpl.com\/en\/wp-json\/wp\/v2\/types\/product"}],"replies":[{"embeddable":true,"href":"https:\/\/wearpl.com\/en\/wp-json\/wp\/v2\/comments?post=30630"}],"wp:featuredmedia":[{"embeddable":true,"href":"https:\/\/wearpl.com\/en\/wp-json\/wp\/v2\/media\/19828"}],"wp:attachment":[{"href":"https:\/\/wearpl.com\/en\/wp-json\/wp\/v2\/media?parent=30630"}],"wp:term":[{"taxonomy":"product_brand","embeddable":true,"href":"https:\/\/wearpl.com\/en\/wp-json\/wp\/v2\/product_brand?post=30630"},{"taxonomy":"product_cat","embeddable":true,"href":"https:\/\/wearpl.com\/en\/wp-json\/wp\/v2\/product_cat?post=30630"},{"taxonomy":"product_tag","embeddable":true,"href":"https:\/\/wearpl.com\/en\/wp-json\/wp\/v2\/product_tag?post=30630"}],"curies":[{"name":"wp","href":"https:\/\/api.w.org\/{rel}","templated":true}]}}