{"id":30654,"date":"2025-08-05T22:47:55","date_gmt":"2025-08-05T20:47:55","guid":{"rendered":"https:\/\/wearpl.com\/sklep\/coat-of-arms-of-wloclawek-bag\/"},"modified":"2025-08-05T22:47:55","modified_gmt":"2025-08-05T20:47:55","slug":"coat-of-arms-of-wloclawek-bag","status":"publish","type":"product","link":"https:\/\/wearpl.com\/en\/sklep\/coat-of-arms-of-wloclawek-bag\/","title":{"rendered":"Coat of arms of W\u0142oc\u0142awek &#8211; Bag"},"content":{"rendered":"<p>&#8220;Immerse yourself in your own little corner of W\u0142oc\u0142awek, wearing a crest on your chest that has symbolised pride for generations. Feel the rhythm of this timeless melody, whose key is your local colours!&#8221;<\/p>\n","protected":false},"excerpt":{"rendered":"<p>&#8220;Immerse yourself in your own little corner of W\u0142oc\u0142awek, wearing a crest on your chest that has symbolised pride for generations. Feel the rhythm of this timeless melody, whose key is your local colours!&#8221;<\/p>\n","protected":false},"featured_media":19630,"comment_status":"open","ping_status":"closed","template":"","meta":{"_acf_changed":false},"product_brand":[],"product_cat":[305],"product_tag":[504],"class_list":{"0":"post-30654","1":"product","2":"type-product","3":"status-publish","4":"has-post-thumbnail","6":"product_cat-totebags","7":"product_tag-the-coat-of-arms-of-wloclawek","9":"first","10":"instock","11":"taxable","12":"shipping-taxable","13":"purchasable","14":"product-type-variable","15":"has-default-attributes"},"acf":[],"_links":{"self":[{"href":"https:\/\/wearpl.com\/en\/wp-json\/wp\/v2\/product\/30654","targetHints":{"allow":["GET"]}}],"collection":[{"href":"https:\/\/wearpl.com\/en\/wp-json\/wp\/v2\/product"}],"about":[{"href":"https:\/\/wearpl.com\/en\/wp-json\/wp\/v2\/types\/product"}],"replies":[{"embeddable":true,"href":"https:\/\/wearpl.com\/en\/wp-json\/wp\/v2\/comments?post=30654"}],"wp:featuredmedia":[{"embeddable":true,"href":"https:\/\/wearpl.com\/en\/wp-json\/wp\/v2\/media\/19630"}],"wp:attachment":[{"href":"https:\/\/wearpl.com\/en\/wp-json\/wp\/v2\/media?parent=30654"}],"wp:term":[{"taxonomy":"product_brand","embeddable":true,"href":"https:\/\/wearpl.com\/en\/wp-json\/wp\/v2\/product_brand?post=30654"},{"taxonomy":"product_cat","embeddable":true,"href":"https:\/\/wearpl.com\/en\/wp-json\/wp\/v2\/product_cat?post=30654"},{"taxonomy":"product_tag","embeddable":true,"href":"https:\/\/wearpl.com\/en\/wp-json\/wp\/v2\/product_tag?post=30654"}],"curies":[{"name":"wp","href":"https:\/\/api.w.org\/{rel}","templated":true}]}}