{"id":32759,"date":"2026-03-27T18:34:24","date_gmt":"2026-03-27T17:34:24","guid":{"rendered":"https:\/\/wearpl.com\/sklep\/swietochlowice-vibe-t-shirt\/"},"modified":"2026-03-27T18:34:24","modified_gmt":"2026-03-27T17:34:24","slug":"swietochlowice-vibe-t-shirt","status":"publish","type":"product","link":"https:\/\/wearpl.com\/en\/sklep\/swietochlowice-vibe-t-shirt\/","title":{"rendered":"\u015awi\u0119toch\u0142owice Vibe &#8211; T-shirt"},"content":{"rendered":"<p>Show off your local flair with the \u201c\u015awi\u0119toch\u0142owice Vibe\u201d design! A laid-back, quirky style that screams: \u201cI\u2019m proud of my roots, and my vibe is 100% \u015awi\u0119toch\u0142owice!\u201d <\/p>\n","protected":false},"excerpt":{"rendered":"<p>Show off your local flair with the \u201c\u015awi\u0119toch\u0142owice Vibe\u201d design! A laid-back, quirky style that screams: \u201cI\u2019m proud of my roots, and my vibe is 100% \u015awi\u0119toch\u0142owice!\u201d <\/p>\n","protected":false},"featured_media":32760,"comment_status":"open","ping_status":"closed","template":"","meta":{"_acf_changed":false},"product_brand":[],"product_cat":[296],"product_tag":[571],"class_list":{"0":"post-32759","1":"product","2":"type-product","3":"status-publish","4":"has-post-thumbnail","6":"product_cat-t-shirt","7":"product_tag-swietochlowice-vibe","9":"first","10":"instock","11":"taxable","12":"shipping-taxable","13":"purchasable","14":"product-type-variable","15":"has-default-attributes"},"acf":[],"_links":{"self":[{"href":"https:\/\/wearpl.com\/en\/wp-json\/wp\/v2\/product\/32759","targetHints":{"allow":["GET"]}}],"collection":[{"href":"https:\/\/wearpl.com\/en\/wp-json\/wp\/v2\/product"}],"about":[{"href":"https:\/\/wearpl.com\/en\/wp-json\/wp\/v2\/types\/product"}],"replies":[{"embeddable":true,"href":"https:\/\/wearpl.com\/en\/wp-json\/wp\/v2\/comments?post=32759"}],"wp:featuredmedia":[{"embeddable":true,"href":"https:\/\/wearpl.com\/en\/wp-json\/wp\/v2\/media\/32760"}],"wp:attachment":[{"href":"https:\/\/wearpl.com\/en\/wp-json\/wp\/v2\/media?parent=32759"}],"wp:term":[{"taxonomy":"product_brand","embeddable":true,"href":"https:\/\/wearpl.com\/en\/wp-json\/wp\/v2\/product_brand?post=32759"},{"taxonomy":"product_cat","embeddable":true,"href":"https:\/\/wearpl.com\/en\/wp-json\/wp\/v2\/product_cat?post=32759"},{"taxonomy":"product_tag","embeddable":true,"href":"https:\/\/wearpl.com\/en\/wp-json\/wp\/v2\/product_tag?post=32759"}],"curies":[{"name":"wp","href":"https:\/\/api.w.org\/{rel}","templated":true}]}}