{"id":40718,"date":"2026-04-04T12:57:09","date_gmt":"2026-04-04T10:57:09","guid":{"rendered":"https:\/\/wearpl.com\/sklep\/the-clever-woman-from-radom-sweatshirt\/"},"modified":"2026-04-04T12:57:09","modified_gmt":"2026-04-04T10:57:09","slug":"the-clever-woman-from-radom-sweatshirt","status":"publish","type":"product","link":"https:\/\/wearpl.com\/en\/sklep\/the-clever-woman-from-radom-sweatshirt\/","title":{"rendered":"The Clever Woman from Radom &#8211; Sweatshirt"},"content":{"rendered":"<p>Z przymru\u017ceniem oka i lokalnym humorem, ta grafika pokazuje sprytn\u0105 posta\u0107 pe\u0142n\u0105 charakteru i energii. Idealna dla tych, kt\u00f3rzy ceni\u0105 sobie unikalny styl i dystans do siebie. <\/p>\n","protected":false},"excerpt":{"rendered":"<p>Z przymru\u017ceniem oka i lokalnym humorem, ta grafika pokazuje sprytn\u0105 posta\u0107 pe\u0142n\u0105 charakteru i energii. Idealna dla tych, kt\u00f3rzy ceni\u0105 sobie unikalny styl i dystans do siebie. <\/p>\n","protected":false},"featured_media":40719,"comment_status":"open","ping_status":"closed","template":"","meta":{"_acf_changed":false},"product_brand":[],"product_cat":[299],"product_tag":[676],"class_list":{"0":"post-40718","1":"product","2":"type-product","3":"status-publish","4":"has-post-thumbnail","6":"product_cat-sweatshirts","7":"product_tag-the-clever-woman-from-radom","9":"first","10":"instock","11":"taxable","12":"shipping-taxable","13":"purchasable","14":"product-type-variable","15":"has-default-attributes"},"acf":[],"_links":{"self":[{"href":"https:\/\/wearpl.com\/en\/wp-json\/wp\/v2\/product\/40718","targetHints":{"allow":["GET"]}}],"collection":[{"href":"https:\/\/wearpl.com\/en\/wp-json\/wp\/v2\/product"}],"about":[{"href":"https:\/\/wearpl.com\/en\/wp-json\/wp\/v2\/types\/product"}],"replies":[{"embeddable":true,"href":"https:\/\/wearpl.com\/en\/wp-json\/wp\/v2\/comments?post=40718"}],"wp:featuredmedia":[{"embeddable":true,"href":"https:\/\/wearpl.com\/en\/wp-json\/wp\/v2\/media\/40719"}],"wp:attachment":[{"href":"https:\/\/wearpl.com\/en\/wp-json\/wp\/v2\/media?parent=40718"}],"wp:term":[{"taxonomy":"product_brand","embeddable":true,"href":"https:\/\/wearpl.com\/en\/wp-json\/wp\/v2\/product_brand?post=40718"},{"taxonomy":"product_cat","embeddable":true,"href":"https:\/\/wearpl.com\/en\/wp-json\/wp\/v2\/product_cat?post=40718"},{"taxonomy":"product_tag","embeddable":true,"href":"https:\/\/wearpl.com\/en\/wp-json\/wp\/v2\/product_tag?post=40718"}],"curies":[{"name":"wp","href":"https:\/\/api.w.org\/{rel}","templated":true}]}}