{"id":41448,"date":"2026-04-04T14:53:05","date_gmt":"2026-04-04T12:53:05","guid":{"rendered":"https:\/\/wearpl.com\/sklep\/little-slawianin-baby-bodysuit\/"},"modified":"2026-04-04T14:53:05","modified_gmt":"2026-04-04T12:53:05","slug":"little-slawianin-baby-bodysuit","status":"publish","type":"product","link":"https:\/\/wearpl.com\/en\/sklep\/little-slawianin-baby-bodysuit\/","title":{"rendered":"Little S\u0142awianin &#8211; Baby bodysuit"},"content":{"rendered":"<p>Zanurz si\u0119 w magiczny klimat Ma\u0142ego S\u0142awnianina, gdzie historia i urok regionu spotykaj\u0105 si\u0119 w u\u015bmiechni\u0119tej, bajkowej oprawie pe\u0142nej blasku i rado\u015bci. To idealny spos\u00f3b, by nosi\u0107 dum\u0119 i lokalny charakter zawsze przy sobie! <\/p>\n","protected":false},"excerpt":{"rendered":"<p>Zanurz si\u0119 w magiczny klimat Ma\u0142ego S\u0142awnianina, gdzie historia i urok regionu spotykaj\u0105 si\u0119 w u\u015bmiechni\u0119tej, bajkowej oprawie pe\u0142nej blasku i rado\u015bci. To idealny spos\u00f3b, by nosi\u0107 dum\u0119 i lokalny charakter zawsze przy sobie! <\/p>\n","protected":false},"featured_media":41449,"comment_status":"open","ping_status":"closed","template":"","meta":{"_acf_changed":false},"product_brand":[],"product_cat":[302],"product_tag":[689],"class_list":{"0":"post-41448","1":"product","2":"type-product","3":"status-publish","4":"has-post-thumbnail","6":"product_cat-baby-bodysuits","7":"product_tag-maly-slawianin","9":"first","10":"instock","11":"taxable","12":"shipping-taxable","13":"purchasable","14":"product-type-variable","15":"has-default-attributes"},"acf":[],"_links":{"self":[{"href":"https:\/\/wearpl.com\/en\/wp-json\/wp\/v2\/product\/41448","targetHints":{"allow":["GET"]}}],"collection":[{"href":"https:\/\/wearpl.com\/en\/wp-json\/wp\/v2\/product"}],"about":[{"href":"https:\/\/wearpl.com\/en\/wp-json\/wp\/v2\/types\/product"}],"replies":[{"embeddable":true,"href":"https:\/\/wearpl.com\/en\/wp-json\/wp\/v2\/comments?post=41448"}],"wp:featuredmedia":[{"embeddable":true,"href":"https:\/\/wearpl.com\/en\/wp-json\/wp\/v2\/media\/41449"}],"wp:attachment":[{"href":"https:\/\/wearpl.com\/en\/wp-json\/wp\/v2\/media?parent=41448"}],"wp:term":[{"taxonomy":"product_brand","embeddable":true,"href":"https:\/\/wearpl.com\/en\/wp-json\/wp\/v2\/product_brand?post=41448"},{"taxonomy":"product_cat","embeddable":true,"href":"https:\/\/wearpl.com\/en\/wp-json\/wp\/v2\/product_cat?post=41448"},{"taxonomy":"product_tag","embeddable":true,"href":"https:\/\/wearpl.com\/en\/wp-json\/wp\/v2\/product_tag?post=41448"}],"curies":[{"name":"wp","href":"https:\/\/api.w.org\/{rel}","templated":true}]}}