{"id":43404,"date":"2026-04-04T23:09:27","date_gmt":"2026-04-04T21:09:27","guid":{"rendered":"https:\/\/wearpl.com\/sklep\/krosno-sterowiec-womens-t-shirt\/"},"modified":"2026-04-04T23:14:18","modified_gmt":"2026-04-04T21:14:18","slug":"krosno-sterowiec-womens-t-shirt","status":"publish","type":"product","link":"https:\/\/wearpl.com\/en\/sklep\/krosno-sterowiec-womens-t-shirt\/","title":{"rendered":"Krosno Sterowiec \u2013 Women\u2019s T-shirt"},"content":{"rendered":"<p>Zanurz si\u0119 w klimacie nostalgicznej przygody z nut\u0105 steampunku, gdzie historia spotyka si\u0119 z fantazj\u0105 unosz\u0105c\u0105 si\u0119 nad malowniczym miastem. To ho\u0142d dla wyj\u0105tkowego charakteru i architektury Krosna, pe\u0142en detali, kt\u00f3re rozbudzaj\u0105 wyobra\u017ani\u0119. <\/p>\n","protected":false},"excerpt":{"rendered":"<p>Zanurz si\u0119 w klimacie nostalgicznej przygody z nut\u0105 steampunku, gdzie historia spotyka si\u0119 z fantazj\u0105 unosz\u0105c\u0105 si\u0119 nad malowniczym miastem. To ho\u0142d dla wyj\u0105tkowego charakteru i architektury Krosna, pe\u0142en detali, kt\u00f3re rozbudzaj\u0105 wyobra\u017ani\u0119. <\/p>\n","protected":false},"featured_media":43405,"comment_status":"open","ping_status":"closed","template":"","meta":{"_acf_changed":false},"product_brand":[],"product_cat":[303],"product_tag":[711],"class_list":{"0":"post-43404","1":"product","2":"type-product","3":"status-publish","4":"has-post-thumbnail","6":"product_cat-koszulka-damska","7":"product_tag-krosno-airship","9":"first","10":"instock","11":"taxable","12":"shipping-taxable","13":"purchasable","14":"product-type-variable","15":"has-default-attributes"},"acf":[],"_links":{"self":[{"href":"https:\/\/wearpl.com\/en\/wp-json\/wp\/v2\/product\/43404","targetHints":{"allow":["GET"]}}],"collection":[{"href":"https:\/\/wearpl.com\/en\/wp-json\/wp\/v2\/product"}],"about":[{"href":"https:\/\/wearpl.com\/en\/wp-json\/wp\/v2\/types\/product"}],"replies":[{"embeddable":true,"href":"https:\/\/wearpl.com\/en\/wp-json\/wp\/v2\/comments?post=43404"}],"wp:featuredmedia":[{"embeddable":true,"href":"https:\/\/wearpl.com\/en\/wp-json\/wp\/v2\/media\/43405"}],"wp:attachment":[{"href":"https:\/\/wearpl.com\/en\/wp-json\/wp\/v2\/media?parent=43404"}],"wp:term":[{"taxonomy":"product_brand","embeddable":true,"href":"https:\/\/wearpl.com\/en\/wp-json\/wp\/v2\/product_brand?post=43404"},{"taxonomy":"product_cat","embeddable":true,"href":"https:\/\/wearpl.com\/en\/wp-json\/wp\/v2\/product_cat?post=43404"},{"taxonomy":"product_tag","embeddable":true,"href":"https:\/\/wearpl.com\/en\/wp-json\/wp\/v2\/product_tag?post=43404"}],"curies":[{"name":"wp","href":"https:\/\/api.w.org\/{rel}","templated":true}]}}