{"id":46830,"date":"2026-04-08T12:51:13","date_gmt":"2026-04-08T10:51:13","guid":{"rendered":"https:\/\/wearpl.com\/sklep\/turek-coat-of-arms-t-shirt\/"},"modified":"2026-04-08T12:51:13","modified_gmt":"2026-04-08T10:51:13","slug":"turek-coat-of-arms-t-shirt","status":"publish","type":"product","link":"https:\/\/wearpl.com\/en\/sklep\/turek-coat-of-arms-t-shirt\/","title":{"rendered":"Turek Coat of Arms &#8211; T-shirt"},"content":{"rendered":"<p>Zanurz si\u0119 w si\u0142\u0119 i tradycj\u0119 symbolizowan\u0105 przez pot\u0119\u017cnego czerwonego byka, kt\u00f3ry dumnie reprezentuje ducha regionu. Ta grafika to ho\u0142d dla lokalnej historii i niepowtarzalnego charakteru, kt\u00f3ry wyr\u00f3\u017cnia Turek. <\/p>\n","protected":false},"excerpt":{"rendered":"<p>Immerse yourself in the strength and tradition symbolised by the mighty red bull, which proudly embodies the spirit of the region. This artwork pays tribute to the local history and unique character that sets Turek apart. <\/p>\n","protected":false},"featured_media":46831,"comment_status":"open","ping_status":"closed","template":"","meta":{"_acf_changed":false},"product_brand":[],"product_cat":[296],"product_tag":[753],"class_list":{"0":"post-46830","1":"product","2":"type-product","3":"status-publish","4":"has-post-thumbnail","6":"product_cat-t-shirt","7":"product_tag-turek-coat-of-arms","9":"first","10":"instock","11":"taxable","12":"shipping-taxable","13":"purchasable","14":"product-type-variable","15":"has-default-attributes"},"acf":[],"_links":{"self":[{"href":"https:\/\/wearpl.com\/en\/wp-json\/wp\/v2\/product\/46830","targetHints":{"allow":["GET"]}}],"collection":[{"href":"https:\/\/wearpl.com\/en\/wp-json\/wp\/v2\/product"}],"about":[{"href":"https:\/\/wearpl.com\/en\/wp-json\/wp\/v2\/types\/product"}],"replies":[{"embeddable":true,"href":"https:\/\/wearpl.com\/en\/wp-json\/wp\/v2\/comments?post=46830"}],"wp:featuredmedia":[{"embeddable":true,"href":"https:\/\/wearpl.com\/en\/wp-json\/wp\/v2\/media\/46831"}],"wp:attachment":[{"href":"https:\/\/wearpl.com\/en\/wp-json\/wp\/v2\/media?parent=46830"}],"wp:term":[{"taxonomy":"product_brand","embeddable":true,"href":"https:\/\/wearpl.com\/en\/wp-json\/wp\/v2\/product_brand?post=46830"},{"taxonomy":"product_cat","embeddable":true,"href":"https:\/\/wearpl.com\/en\/wp-json\/wp\/v2\/product_cat?post=46830"},{"taxonomy":"product_tag","embeddable":true,"href":"https:\/\/wearpl.com\/en\/wp-json\/wp\/v2\/product_tag?post=46830"}],"curies":[{"name":"wp","href":"https:\/\/api.w.org\/{rel}","templated":true}]}}